{"id":453,"date":"2023-04-24T10:41:39","date_gmt":"2023-04-24T08:41:39","guid":{"rendered":"https:\/\/www.neusrosell.com\/avis-legal\/"},"modified":"2023-04-24T10:41:39","modified_gmt":"2023-04-24T08:41:39","slug":"avis-legal","status":"publish","type":"page","link":"https:\/\/www.neusrosell.com\/ca\/avis-legal\/","title":{"rendered":"Av\u00eds legal"},"content":{"rendered":"<p>Est\u00e0s en un espai comprom\u00e8s amb els drets dels usuaris i per ra\u00f3, tindr\u00e0s m\u00e0xima transpar\u00e8ncia i rigor sobretot que necessites saber sobre aquesta web.<\/p>\n<p>Aquest web compleix rigorosament amb la Llei Org\u00e0nica 3\/2018, del 5 de desembre, de Protecci\u00f3 de Dades Personals i garantia dels drets digitals (LOPDGDD). Compleix tamb\u00e9 amb el Reglament (UE) 2016\/679 del Parlament Europeu i del Consell de 27 d&#8217;abril del 2016 relatiu a la protecci\u00f3 de les persones f\u00edsiques (RGPD), aix\u00ed com amb la Llei 34\/2002, d&#8217;11 de juliol, de Serveis de la Societat de la Informaci\u00f3 i Comer\u00e7 Electr\u00f2nic (LSSICE o LSSI).<\/p>\n<p>Els serveis i\/o productes estan disponibles nom\u00e9s per a persones jur\u00eddiques i persones que tinguin 16 anys.<\/p>\n<h2>Identificador del responsable de la web<\/h2>\n<p><strong>Denominaci\u00f3 social<\/strong>: Neus Rosell Gallart<br \/><strong>NIF<\/strong>: 38123235E<br \/><strong>Correu electr\u00f2nic<\/strong>: neusrosell@gmail.com<br \/><strong>Domicili social<\/strong>: C\/ Ribera d\u2019Ebre 3-9 Esc 8 2A<br \/><strong>La seva activitat social \u00e9s<\/strong>: Disseny gr\u00e0fic<\/p>\n<h2>Et preocupen les dades personals?<\/h2>\n<p>Llegir \u201cPol\u00edtica de Privadesa&#8221;<\/p>\n<h2>Compromisos i obligacions dels usuaris<\/h2>\n<p>L&#8217;usuari queda informat, i accepta, que l&#8217;acc\u00e9s a la present web no suposa, de cap manera, l&#8217;inici d&#8217;una relaci\u00f3 comercial amb Neus Rosell Estudi creatiu. D&#8217;aquesta manera, l&#8217;usuari es compromet a utilitzar el lloc web, els serveis i els continguts sense contravenir la legislaci\u00f3 vigent, la bona fe i l&#8217;ordre p\u00fablic.<br \/>Queda prohibit l&#8217;\u00fas del web, amb fins il\u00b7l\u00edcits o lesius, o que, de qualsevol manera, puguin causar perjudici o impedir el funcionament normal del lloc web. Pel que fa als continguts d&#8217;aquesta web, es prohibeix:<\/p>\n<ul>\n<li>La seva reproducci\u00f3, distribuci\u00f3 o modificaci\u00f3, total o parcial, llevat que es compti amb la meva autoritzaci\u00f3 com a leg\u00edtim titular.<\/li>\n<li>Qualsevol vulneraci\u00f3 dels drets del prestador o de mi com a leg\u00edtim titular.<\/li>\n<li>La seva utilitzaci\u00f3 per a fins comercials o publicitaris.<\/li>\n<\/ul>\n<p>A la utilitzaci\u00f3 de la web <a href=\"https:\/\/www.neusrosell.com\/ca\/\">www.neusrosell.com<\/a> l&#8217;usuari es compromet a no dur a terme cap conducta que pogu\u00e9s danyar la imatge, els interessos i els drets de Neus Rosell Estudi creatiu o de tercers o que pogu\u00e9s danyar, inutilitzar o sobrecarregar el portal <a href=\"https:\/\/www.neusrosell.com\/ca\/\">www.neusrosell.com<\/a> o que imped\u00eds, de qualsevol manera, la utilitzaci\u00f3 normal de la web.<br \/>Tot i aix\u00f2, l&#8217;usuari ha de ser conscient que les mesures de seguretat dels sistemes inform\u00e0tics a Internet no s\u00f3n enterament fiables i que, per tant <a href=\"https:\/\/www.neusrosell.com\/ca\/\">www.neusrosell.com<\/a> no pot garantir la inexist\u00e8ncia de codi malici\u00f3s o altres elements que puguin produir alteracions en els sistemes inform\u00e0tics (programari i maquinari) de l&#8217;usuari o als seus documents electr\u00f2nics i fitxers continguts en aquests, encara que hi poso tots els mitjans necessaris i les mesures de seguretat oportunes per evitar la pres\u00e8ncia d&#8217;aquests elements nocius.<\/p>\n<h2>Mesures de seguretat<\/h2>\n<p>Les dades personals comunicades per l&#8217;usuari a Neus Rosell Estudi creatiu poden ser emmagatzemades en bases de dades automatitzades o no, la titularitat de les quals correspon en exclusiva a Neus Rosell Gallart, assumint aquesta totes les mesures d&#8217;\u00edndole t\u00e8cnica, organitzativa i de seguretat que garanteixen la confidencialitat , integritat i qualitat de la informaci\u00f3 continguda en aquestes d&#8217;acord amb el que estableix la normativa vigent en protecci\u00f3 de dades.<br \/>La comunicaci\u00f3 entre els usuaris i www.neusrosell.com utilitza un canal segur, i les dades transmeses s\u00f3n xifrades gr\u00e0cies a protocols a https, per tant, garanteixo les millors condicions de seguretat perqu\u00e8 la confidencialitat dels usuaris estigui garantida.<\/p>\n<h2>Plataforma de resoluci\u00f3 de conflictes<\/h2>\n<p>Poso tamb\u00e9 a disposici\u00f3 dels usuaris la plataforma de resoluci\u00f3 de litigis que facilita la Comissi\u00f3 Europea i que es troba disponible al seg\u00fcent enlla\u00e7: <a href=\"http:\/\/ec.europa.eu\/consumers\/odr\/\">http:\/\/ec.europa.eu\/consumers\/odr\/<\/a><\/p>\n<p>Exclusi\u00f3 de garanties i responsable<\/p>\n<p>Neus Rosell Estudi creatiu no atorga cap garantia ni es fa responsable, en cap cas, dels danys i perjudicis de qualsevol naturalesa que poguessin portar causa de:<\/p>\n<ul>\n<li>La manca de disponibilitat, manteniment i efectiu funcionament de la web, o dels seus serveis i continguts.<\/li>\n<li>L&#8217;exist\u00e8ncia de codi malici\u00f3s (malware), programes maliciosos o lesius en els continguts.<\/li>\n<li>L&#8217;\u00fas il\u00b7l\u00edcit, negligent, fraudulent o contrari a aquest Av\u00eds Legal.<\/li>\n<li>La manca de licitud, qualitat, fiabilitat, utilitat i disponibilitat dels serveis prestats per tercers i posats a disposici\u00f3 dels usuaris al lloc web.<\/li>\n<li>El prestador no es fa responsable sota cap concepte dels danys que poguessin dimanar de l&#8217;\u00fas il\u00b7legal o indegut de la present p\u00e0gina web.<\/li>\n<\/ul>\n<h2>Llei aplicable i jurisdicci\u00f3<\/h2>\n<p>Amb car\u00e0cter general les relacions entre Neus Rosell Estudi creatiu amb els usuaris dels seus serveis telem\u00e0tics, presents en aquesta web estan sotmeses a la legislaci\u00f3 i jurisdicci\u00f3 espanyoles i als tribunals de Tarragona.<br \/>En cas que qualsevol usuari tingu\u00e9s algun dubte sobre aquestes Condicions legals o qualsevol comentari sobre el portal <a href=\"https:\/\/www.neusrosell.com\/ca\/\">www.neusrosell.com<\/a>, si us plau adreceu-vos a <a href=\"mailto:neusrosell@gmail.com\">neusrosell@gmail.com<\/a>.<\/p>\n<p>L&#8217;av\u00eds legal ha estat actualitzat per darrera vegada el 18\/4\/2023.<\/p>\n","protected":false},"excerpt":{"rendered":"<p>Est\u00e0s en un espai comprom\u00e8s amb els drets dels usuaris i per ra\u00f3, tindr\u00e0s m\u00e0xima transpar\u00e8ncia i rigor sobretot que necessites saber sobre aquesta web. Aquest web compleix rigorosament amb la Llei Org\u00e0nica 3\/2018, del 5 de desembre, de Protecci\u00f3 de Dades Personals i garantia dels drets digitals (LOPDGDD). Compleix tamb\u00e9 amb el Reglament (UE) [&hellip;]<\/p>\n","protected":false},"author":1,"featured_media":0,"parent":0,"menu_order":0,"comment_status":"closed","ping_status":"closed","template":"","meta":{"_et_pb_use_builder":"","_et_pb_old_content":"","_et_gb_content_width":"","footnotes":""},"class_list":["post-453","page","type-page","status-publish","hentry"],"yoast_head":"<!-- This site is optimized with the Yoast SEO plugin v25.6 - https:\/\/yoast.com\/wordpress\/plugins\/seo\/ -->\n<title>Av\u00eds legal - Neus Rosell<\/title>\n<meta name=\"robots\" content=\"index, follow, max-snippet:-1, max-image-preview:large, max-video-preview:-1\" \/>\n<link rel=\"canonical\" href=\"https:\/\/www.neusrosell.com\/ca\/avis-legal\/\" \/>\n<meta property=\"og:locale\" content=\"ca_ES\" \/>\n<meta property=\"og:type\" content=\"article\" \/>\n<meta property=\"og:title\" content=\"Av\u00eds legal - Neus Rosell\" \/>\n<meta property=\"og:description\" content=\"Est\u00e0s en un espai comprom\u00e8s amb els drets dels usuaris i per ra\u00f3, tindr\u00e0s m\u00e0xima transpar\u00e8ncia i rigor sobretot que necessites saber sobre aquesta web. Aquest web compleix rigorosament amb la Llei Org\u00e0nica 3\/2018, del 5 de desembre, de Protecci\u00f3 de Dades Personals i garantia dels drets digitals (LOPDGDD). Compleix tamb\u00e9 amb el Reglament (UE) [&hellip;]\" \/>\n<meta property=\"og:url\" content=\"https:\/\/www.neusrosell.com\/ca\/avis-legal\/\" \/>\n<meta property=\"og:site_name\" content=\"Neus Rosell\" \/>\n<meta name=\"twitter:card\" content=\"summary_large_image\" \/>\n<meta name=\"twitter:label1\" content=\"Temps estimat de lectura\" \/>\n\t<meta name=\"twitter:data1\" content=\"4 minuts\" \/>\n<script type=\"application\/ld+json\" class=\"yoast-schema-graph\">{\"@context\":\"https:\/\/schema.org\",\"@graph\":[{\"@type\":\"WebPage\",\"@id\":\"https:\/\/www.neusrosell.com\/ca\/avis-legal\/\",\"url\":\"https:\/\/www.neusrosell.com\/ca\/avis-legal\/\",\"name\":\"Av\u00eds legal - Neus Rosell\",\"isPartOf\":{\"@id\":\"https:\/\/www.neusrosell.com\/ca\/#website\"},\"datePublished\":\"2023-04-24T08:41:39+00:00\",\"breadcrumb\":{\"@id\":\"https:\/\/www.neusrosell.com\/ca\/avis-legal\/#breadcrumb\"},\"inLanguage\":\"ca\",\"potentialAction\":[{\"@type\":\"ReadAction\",\"target\":[\"https:\/\/www.neusrosell.com\/ca\/avis-legal\/\"]}]},{\"@type\":\"BreadcrumbList\",\"@id\":\"https:\/\/www.neusrosell.com\/ca\/avis-legal\/#breadcrumb\",\"itemListElement\":[{\"@type\":\"ListItem\",\"position\":1,\"name\":\"Portada\",\"item\":\"https:\/\/www.neusrosell.com\/ca\/\"},{\"@type\":\"ListItem\",\"position\":2,\"name\":\"Av\u00eds legal\"}]},{\"@type\":\"WebSite\",\"@id\":\"https:\/\/www.neusrosell.com\/ca\/#website\",\"url\":\"https:\/\/www.neusrosell.com\/ca\/\",\"name\":\"Neus Rosell\",\"description\":\"Estudio creativo aplicado a la comunicaci\u00f3n\",\"potentialAction\":[{\"@type\":\"SearchAction\",\"target\":{\"@type\":\"EntryPoint\",\"urlTemplate\":\"https:\/\/www.neusrosell.com\/ca\/?s={search_term_string}\"},\"query-input\":{\"@type\":\"PropertyValueSpecification\",\"valueRequired\":true,\"valueName\":\"search_term_string\"}}],\"inLanguage\":\"ca\"}]}<\/script>\n<!-- \/ Yoast SEO plugin. -->","yoast_head_json":{"title":"Av\u00eds legal - Neus Rosell","robots":{"index":"index","follow":"follow","max-snippet":"max-snippet:-1","max-image-preview":"max-image-preview:large","max-video-preview":"max-video-preview:-1"},"canonical":"https:\/\/www.neusrosell.com\/ca\/avis-legal\/","og_locale":"ca_ES","og_type":"article","og_title":"Av\u00eds legal - Neus Rosell","og_description":"Est\u00e0s en un espai comprom\u00e8s amb els drets dels usuaris i per ra\u00f3, tindr\u00e0s m\u00e0xima transpar\u00e8ncia i rigor sobretot que necessites saber sobre aquesta web. Aquest web compleix rigorosament amb la Llei Org\u00e0nica 3\/2018, del 5 de desembre, de Protecci\u00f3 de Dades Personals i garantia dels drets digitals (LOPDGDD). Compleix tamb\u00e9 amb el Reglament (UE) [&hellip;]","og_url":"https:\/\/www.neusrosell.com\/ca\/avis-legal\/","og_site_name":"Neus Rosell","twitter_card":"summary_large_image","twitter_misc":{"Temps estimat de lectura":"4 minuts"},"schema":{"@context":"https:\/\/schema.org","@graph":[{"@type":"WebPage","@id":"https:\/\/www.neusrosell.com\/ca\/avis-legal\/","url":"https:\/\/www.neusrosell.com\/ca\/avis-legal\/","name":"Av\u00eds legal - Neus Rosell","isPartOf":{"@id":"https:\/\/www.neusrosell.com\/ca\/#website"},"datePublished":"2023-04-24T08:41:39+00:00","breadcrumb":{"@id":"https:\/\/www.neusrosell.com\/ca\/avis-legal\/#breadcrumb"},"inLanguage":"ca","potentialAction":[{"@type":"ReadAction","target":["https:\/\/www.neusrosell.com\/ca\/avis-legal\/"]}]},{"@type":"BreadcrumbList","@id":"https:\/\/www.neusrosell.com\/ca\/avis-legal\/#breadcrumb","itemListElement":[{"@type":"ListItem","position":1,"name":"Portada","item":"https:\/\/www.neusrosell.com\/ca\/"},{"@type":"ListItem","position":2,"name":"Av\u00eds legal"}]},{"@type":"WebSite","@id":"https:\/\/www.neusrosell.com\/ca\/#website","url":"https:\/\/www.neusrosell.com\/ca\/","name":"Neus Rosell","description":"Estudio creativo aplicado a la comunicaci\u00f3n","potentialAction":[{"@type":"SearchAction","target":{"@type":"EntryPoint","urlTemplate":"https:\/\/www.neusrosell.com\/ca\/?s={search_term_string}"},"query-input":{"@type":"PropertyValueSpecification","valueRequired":true,"valueName":"search_term_string"}}],"inLanguage":"ca"}]}},"_links":{"self":[{"href":"https:\/\/www.neusrosell.com\/ca\/wp-json\/wp\/v2\/pages\/453","targetHints":{"allow":["GET"]}}],"collection":[{"href":"https:\/\/www.neusrosell.com\/ca\/wp-json\/wp\/v2\/pages"}],"about":[{"href":"https:\/\/www.neusrosell.com\/ca\/wp-json\/wp\/v2\/types\/page"}],"author":[{"embeddable":true,"href":"https:\/\/www.neusrosell.com\/ca\/wp-json\/wp\/v2\/users\/1"}],"replies":[{"embeddable":true,"href":"https:\/\/www.neusrosell.com\/ca\/wp-json\/wp\/v2\/comments?post=453"}],"version-history":[{"count":0,"href":"https:\/\/www.neusrosell.com\/ca\/wp-json\/wp\/v2\/pages\/453\/revisions"}],"wp:attachment":[{"href":"https:\/\/www.neusrosell.com\/ca\/wp-json\/wp\/v2\/media?parent=453"}],"curies":[{"name":"wp","href":"https:\/\/api.w.org\/{rel}","templated":true}]}}