{"id":460,"date":"2023-04-24T11:31:32","date_gmt":"2023-04-24T09:31:32","guid":{"rendered":"https:\/\/www.neusrosell.com\/politica-de-cookies\/"},"modified":"2023-04-24T11:31:32","modified_gmt":"2023-04-24T09:31:32","slug":"politica-de-cookies","status":"publish","type":"page","link":"https:\/\/www.neusrosell.com\/ca\/politica-de-cookies\/","title":{"rendered":"Pol\u00edtica de cookies"},"content":{"rendered":"<p>En aquesta web recopilem i utilitzem la informaci\u00f3 segons indiquem a la nostra pol\u00edtica de privadesa. Una de les formes en qu\u00e8 recopilem informaci\u00f3 \u00e9s a trav\u00e9s de l&#8217;\u00fas de la tecnologia anomenada \u201ccookies\u201d. A www.neusrosell.com, utilitzem cookies per a diverses coses.<\/p>\n<h2>Qu\u00e8 \u00e9s una galeta?<\/h2>\n<p>Una galeta \u00e9s una petita quantitat de text que s&#8217;emmagatzema al vostre navegador (p.ex. Chrome de Google o Safari d&#8217;Apple) quan navegueu per la majoria dels llocs web.<\/p>\n<h2>Qu\u00e8 NO \u00e9s una cookies?<\/h2>\n<p>No \u00e9s un virus, ni un troi\u00e0, ni un cuc, ni spam, ni spyware, ni obre finestres pop-up.<\/p>\n<h2>Quina informaci\u00f3 emmagatzema una cookies?<\/h2>\n<p>Les cookies no solen emmagatzemar informaci\u00f3 sensible sobre vost\u00e8, com ara targetes de cr\u00e8dit o dades banc\u00e0ries, fotografies o informaci\u00f3 personal, etc. Les dades que guarden s\u00f3n de car\u00e0cter t\u00e8cnic, estad\u00edstiques, prefer\u00e8ncies personals, personalitzaci\u00f3 de continguts, etc.<\/p>\n<p>El servidor web no us associa a vost\u00e8 com a persona, sin\u00f3 al vostre navegador web. De fet, si vost\u00e8 navega habitualment amb el navegador Chrome i prova a navegar per la mateixa web amb el navegador Firefox, veur\u00e0 que la web no s&#8217;adona que vost\u00e8 \u00e9s la mateixa persona perqu\u00e8 en realitat est\u00e0 associant la informaci\u00f3 al navegador, no a la persona.<\/p>\n<h2>Quin tipus de cookies hi ha?<\/h2>\n<ul>\n<li>Cookies t\u00e8cniques: S\u00f3n les m\u00e9s elementals i permeten, entre altres coses, saber quan est\u00e0 navegant un hum\u00e0 o una aplicaci\u00f3 automatitzada, quan navega un usuari an\u00f2nim i un registrat, tasques b\u00e0siques per al funcionament de qualsevol web din\u00e0mica.<\/li>\n<li>Cookies d&#8217;an\u00e0lisi: recullen informaci\u00f3 sobre el tipus de navegaci\u00f3 que esteu realitzant, les seccions que m\u00e9s utilitzeu, productes consultats, franja hor\u00e0ria d&#8217;\u00fas, idioma, etc.<\/li>\n<li>Cookies publicit\u00e0ries: Mostren publicitat en funci\u00f3 de la seva navegaci\u00f3, el seu pa\u00eds de proced\u00e8ncia, idioma, etc.<\/li>\n<\/ul>\n<h2>Cookies acceptades per la normativa i galetes exceptuades<\/h2>\n<p>Segons la directiva de la UE, les galetes que requereixen el consentiment informat per part de l&#8217;usuari s\u00f3n les galetes d&#8217;anal\u00edtica, i les de publicitat i afiliaci\u00f3, quedant exceptuades les de car\u00e0cter t\u00e8cnic i les necess\u00e0ries per al funcionament del lloc web o la prestaci\u00f3 de serveis expressament sol\u00b7licitats per l&#8217;usuari.<\/p>\n<h2>Quines cookies utilitza aquesta web?<\/h2>\n<p>Aquest web utilitza cookies pr\u00f2pies i de tercers. En aquest lloc web s&#8217;utilitzen les galetes que es detallen a continuaci\u00f3:<\/p>\n<h2>COOKIES PR\u00d2PIES<\/h2>\n<ul>\n<li><strong>Inici de sessi\u00f3<\/strong>: Les galetes per iniciar sessi\u00f3 et permeten entrar i sortir del teu compte de www.neusrosell.com.<\/li>\n<li><strong>Personalitzaci\u00f3<\/strong>: Les cookies ens ajuden a recordar amb quines persones o llocs web has interactuat, perqu\u00e8 puguem mostrar contingut relacionat.<\/li>\n<li><strong>Prefer\u00e8ncies<\/strong>: Les cookies ens permeten recordar els vostres ajustaments i prefer\u00e8ncies, com ara l&#8217;idioma preferit i la vostra configuraci\u00f3 de privadesa.<\/li>\n<li><strong>Seguretat<\/strong>: Utilitzem cookies per evitar riscos de seguretat. Principalment per detectar quan alg\u00fa est\u00e0 intentant piratejar el teu compte de www.neusrosell.com.<\/li>\n<\/ul>\n<h2>Es poden eliminar les cookies?<\/h2>\n<p>S\u00ed, i no nom\u00e9s eliminar, tamb\u00e9 bloquejar, de manera general o particular per a un domini espec\u00edfic.<\/p>\n<p>Per eliminar les cookies d&#8217;un lloc web heu d&#8217;anar a la configuraci\u00f3 del vostre navegador i all\u00e0 podreu buscar les associades al domini en q\u00fcesti\u00f3 i procedir a la seva eliminaci\u00f3.<\/p>\n<p>\u2022 Configuraci\u00f3 de cookies per a <a href=\"http:\/\/support.google.com\/chrome\/bin\/answer.py?hl=es&amp;answer=95647\">Google Chrome<\/a><br \/>\u2022 Configuraci\u00f3 de cookies per a <a href=\"https:\/\/support.apple.com\/es-es\/HT201265\">Apple Safari<\/a><br \/>\u2022 Configuraci\u00f3 de cookies per a <a href=\"https:\/\/support.microsoft.com\/en-us\/help\/17442\/windows-internet-explorer-delete-manage-cookies#ie=ie-10\">Internet Explorer<\/a><br \/>\u2022 Configuraci\u00f3 de cookies per a <a href=\"https:\/\/support.mozilla.org\/es\/kb\/habilitar-y-deshabilitar-cookies-sitios-web-rastrear-preferencias?redirectlocale=es&amp;redirectslug=habilitar-y-deshabilitar-cookies-que-los-sitios-we\">Mozilla Firefox<\/a><\/p>\n<h2>Acceptaci\u00f3 de cookies<\/h2>\n<p>Si l&#8217;usuari continua navegant despr\u00e9s d&#8217;haver-lo informat sobre la nostra Pol\u00edtica de cookies, entenem que accepta la utilitzaci\u00f3 de les cookies.<\/p>\n<p>En accedir a aquest lloc web o aplicaci\u00f3 per primera vegada, veureu una advert\u00e8ncia on se us informa de la utilitzaci\u00f3 de les cookies i on podeu consultar aquesta pol\u00edtica de cookies. Si l&#8217;usuari consent la utilitzaci\u00f3 de cookies, continua navegant o fa clic en algun link, s&#8217;entendr\u00e0 que ha consentit la nostra pol\u00edtica de cookies i, per tant, la instal\u00b7laci\u00f3 de les mateixes al vostre equip o dispositiu.<\/p>\n<p>A m\u00e9s de l&#8217;\u00fas de les nostres cookies pr\u00f2pies, permetem a tercers establir cookies i accedir-hi al vostre ordinador. El consentiment de les cookies d&#8217;aquestes empreses est\u00e0 lligat a la navegaci\u00f3 per aquest lloc web.<\/p>\n<h2>M\u00e9s informaci\u00f3 sobre les cookies<\/h2>\n<p>Podeu consultar el reglament sobre cookies publicat per l&#8217;Ag\u00e8ncia Espanyola de Protecci\u00f3 de Dades a la seva \u201c<a href=\"https:\/\/www.agpd.es\/portalwebAGPD\/canaldocumentacion\/publicaciones\/common\/Guias\/Guia_Cookies.pdf\">Gu\u00eda sobre el uso de las cookies<\/a>\u201d i obtenir m\u00e9s informaci\u00f3 sobre les cookies a Internet, <a href=\"http:\/\/www.aboutcookies.org\/\">http:\/\/www.aboutcookies.org\/<\/a><\/p>\n<p>Si voleu tenir m\u00e9s control sobre la instal\u00b7laci\u00f3 de cookies, podeu instal\u00b7lar programes o complements al vostre navegador, coneguts com a eines de \u201cDo Not Track\u201d, que us permetran escollir aquelles cookies que voleu permetre.<\/p>\n<p>Aquesta pol\u00edtica de cookies ha estat actualitzada per \u00faltima vegada el 18\/4\/2023.<\/p>\n","protected":false},"excerpt":{"rendered":"<p>En aquesta web recopilem i utilitzem la informaci\u00f3 segons indiquem a la nostra pol\u00edtica de privadesa. Una de les formes en qu\u00e8 recopilem informaci\u00f3 \u00e9s a trav\u00e9s de l&#8217;\u00fas de la tecnologia anomenada \u201ccookies\u201d. A www.neusrosell.com, utilitzem cookies per a diverses coses. Qu\u00e8 \u00e9s una galeta? Una galeta \u00e9s una petita quantitat de text que [&hellip;]<\/p>\n","protected":false},"author":1,"featured_media":0,"parent":0,"menu_order":0,"comment_status":"closed","ping_status":"closed","template":"","meta":{"_et_pb_use_builder":"","_et_pb_old_content":"","_et_gb_content_width":"","footnotes":""},"class_list":["post-460","page","type-page","status-publish","hentry"],"yoast_head":"<!-- This site is optimized with the Yoast SEO plugin v25.6 - https:\/\/yoast.com\/wordpress\/plugins\/seo\/ -->\n<title>Pol\u00edtica de cookies - Neus Rosell<\/title>\n<meta name=\"robots\" content=\"index, follow, max-snippet:-1, max-image-preview:large, max-video-preview:-1\" \/>\n<link rel=\"canonical\" href=\"https:\/\/www.neusrosell.com\/ca\/politica-de-cookies\/\" \/>\n<meta property=\"og:locale\" content=\"ca_ES\" \/>\n<meta property=\"og:type\" content=\"article\" \/>\n<meta property=\"og:title\" content=\"Pol\u00edtica de cookies - Neus Rosell\" \/>\n<meta property=\"og:description\" content=\"En aquesta web recopilem i utilitzem la informaci\u00f3 segons indiquem a la nostra pol\u00edtica de privadesa. Una de les formes en qu\u00e8 recopilem informaci\u00f3 \u00e9s a trav\u00e9s de l&#8217;\u00fas de la tecnologia anomenada \u201ccookies\u201d. A www.neusrosell.com, utilitzem cookies per a diverses coses. Qu\u00e8 \u00e9s una galeta? Una galeta \u00e9s una petita quantitat de text que [&hellip;]\" \/>\n<meta property=\"og:url\" content=\"https:\/\/www.neusrosell.com\/ca\/politica-de-cookies\/\" \/>\n<meta property=\"og:site_name\" content=\"Neus Rosell\" \/>\n<meta name=\"twitter:card\" content=\"summary_large_image\" \/>\n<meta name=\"twitter:label1\" content=\"Temps estimat de lectura\" \/>\n\t<meta name=\"twitter:data1\" content=\"4 minuts\" \/>\n<script type=\"application\/ld+json\" class=\"yoast-schema-graph\">{\"@context\":\"https:\/\/schema.org\",\"@graph\":[{\"@type\":\"WebPage\",\"@id\":\"https:\/\/www.neusrosell.com\/ca\/politica-de-cookies\/\",\"url\":\"https:\/\/www.neusrosell.com\/ca\/politica-de-cookies\/\",\"name\":\"Pol\u00edtica de cookies - Neus Rosell\",\"isPartOf\":{\"@id\":\"https:\/\/www.neusrosell.com\/ca\/#website\"},\"datePublished\":\"2023-04-24T09:31:32+00:00\",\"breadcrumb\":{\"@id\":\"https:\/\/www.neusrosell.com\/ca\/politica-de-cookies\/#breadcrumb\"},\"inLanguage\":\"ca\",\"potentialAction\":[{\"@type\":\"ReadAction\",\"target\":[\"https:\/\/www.neusrosell.com\/ca\/politica-de-cookies\/\"]}]},{\"@type\":\"BreadcrumbList\",\"@id\":\"https:\/\/www.neusrosell.com\/ca\/politica-de-cookies\/#breadcrumb\",\"itemListElement\":[{\"@type\":\"ListItem\",\"position\":1,\"name\":\"Portada\",\"item\":\"https:\/\/www.neusrosell.com\/ca\/\"},{\"@type\":\"ListItem\",\"position\":2,\"name\":\"Pol\u00edtica de cookies\"}]},{\"@type\":\"WebSite\",\"@id\":\"https:\/\/www.neusrosell.com\/ca\/#website\",\"url\":\"https:\/\/www.neusrosell.com\/ca\/\",\"name\":\"Neus Rosell\",\"description\":\"Estudio creativo aplicado a la comunicaci\u00f3n\",\"potentialAction\":[{\"@type\":\"SearchAction\",\"target\":{\"@type\":\"EntryPoint\",\"urlTemplate\":\"https:\/\/www.neusrosell.com\/ca\/?s={search_term_string}\"},\"query-input\":{\"@type\":\"PropertyValueSpecification\",\"valueRequired\":true,\"valueName\":\"search_term_string\"}}],\"inLanguage\":\"ca\"}]}<\/script>\n<!-- \/ Yoast SEO plugin. -->","yoast_head_json":{"title":"Pol\u00edtica de cookies - Neus Rosell","robots":{"index":"index","follow":"follow","max-snippet":"max-snippet:-1","max-image-preview":"max-image-preview:large","max-video-preview":"max-video-preview:-1"},"canonical":"https:\/\/www.neusrosell.com\/ca\/politica-de-cookies\/","og_locale":"ca_ES","og_type":"article","og_title":"Pol\u00edtica de cookies - Neus Rosell","og_description":"En aquesta web recopilem i utilitzem la informaci\u00f3 segons indiquem a la nostra pol\u00edtica de privadesa. Una de les formes en qu\u00e8 recopilem informaci\u00f3 \u00e9s a trav\u00e9s de l&#8217;\u00fas de la tecnologia anomenada \u201ccookies\u201d. A www.neusrosell.com, utilitzem cookies per a diverses coses. Qu\u00e8 \u00e9s una galeta? Una galeta \u00e9s una petita quantitat de text que [&hellip;]","og_url":"https:\/\/www.neusrosell.com\/ca\/politica-de-cookies\/","og_site_name":"Neus Rosell","twitter_card":"summary_large_image","twitter_misc":{"Temps estimat de lectura":"4 minuts"},"schema":{"@context":"https:\/\/schema.org","@graph":[{"@type":"WebPage","@id":"https:\/\/www.neusrosell.com\/ca\/politica-de-cookies\/","url":"https:\/\/www.neusrosell.com\/ca\/politica-de-cookies\/","name":"Pol\u00edtica de cookies - Neus Rosell","isPartOf":{"@id":"https:\/\/www.neusrosell.com\/ca\/#website"},"datePublished":"2023-04-24T09:31:32+00:00","breadcrumb":{"@id":"https:\/\/www.neusrosell.com\/ca\/politica-de-cookies\/#breadcrumb"},"inLanguage":"ca","potentialAction":[{"@type":"ReadAction","target":["https:\/\/www.neusrosell.com\/ca\/politica-de-cookies\/"]}]},{"@type":"BreadcrumbList","@id":"https:\/\/www.neusrosell.com\/ca\/politica-de-cookies\/#breadcrumb","itemListElement":[{"@type":"ListItem","position":1,"name":"Portada","item":"https:\/\/www.neusrosell.com\/ca\/"},{"@type":"ListItem","position":2,"name":"Pol\u00edtica de cookies"}]},{"@type":"WebSite","@id":"https:\/\/www.neusrosell.com\/ca\/#website","url":"https:\/\/www.neusrosell.com\/ca\/","name":"Neus Rosell","description":"Estudio creativo aplicado a la comunicaci\u00f3n","potentialAction":[{"@type":"SearchAction","target":{"@type":"EntryPoint","urlTemplate":"https:\/\/www.neusrosell.com\/ca\/?s={search_term_string}"},"query-input":{"@type":"PropertyValueSpecification","valueRequired":true,"valueName":"search_term_string"}}],"inLanguage":"ca"}]}},"_links":{"self":[{"href":"https:\/\/www.neusrosell.com\/ca\/wp-json\/wp\/v2\/pages\/460","targetHints":{"allow":["GET"]}}],"collection":[{"href":"https:\/\/www.neusrosell.com\/ca\/wp-json\/wp\/v2\/pages"}],"about":[{"href":"https:\/\/www.neusrosell.com\/ca\/wp-json\/wp\/v2\/types\/page"}],"author":[{"embeddable":true,"href":"https:\/\/www.neusrosell.com\/ca\/wp-json\/wp\/v2\/users\/1"}],"replies":[{"embeddable":true,"href":"https:\/\/www.neusrosell.com\/ca\/wp-json\/wp\/v2\/comments?post=460"}],"version-history":[{"count":0,"href":"https:\/\/www.neusrosell.com\/ca\/wp-json\/wp\/v2\/pages\/460\/revisions"}],"wp:attachment":[{"href":"https:\/\/www.neusrosell.com\/ca\/wp-json\/wp\/v2\/media?parent=460"}],"curies":[{"name":"wp","href":"https:\/\/api.w.org\/{rel}","templated":true}]}}