{"id":465,"date":"2023-04-12T17:29:34","date_gmt":"2023-04-12T15:29:34","guid":{"rendered":"https:\/\/www.neusrosell.com\/sobre-mi\/"},"modified":"2023-04-25T11:04:32","modified_gmt":"2023-04-25T09:04:32","slug":"sobre-mi","status":"publish","type":"page","link":"https:\/\/www.neusrosell.com\/ca\/sobre-mi\/","title":{"rendered":"Sobre mi"},"content":{"rendered":"<p>[et_pb_section fb_built=&#8221;1&#8243; custom_padding_last_edited=&#8221;on|tablet&#8221; admin_label=&#8221;Header&#8221; _builder_version=&#8221;4.16&#8243; custom_margin=&#8221;||||false|false&#8221; custom_padding=&#8221;110px||180px||false|false&#8221; custom_padding_tablet=&#8221;50px||50px||true|false&#8221; custom_padding_phone=&#8221;&#8221; locked=&#8221;off&#8221; global_colors_info=&#8221;{}&#8221;][et_pb_row column_structure=&#8221;3_5,2_5&#8243; _builder_version=&#8221;4.16&#8243; z_index=&#8221;10&#8243; custom_padding=&#8221;0px||0px|||&#8221; global_colors_info=&#8221;{}&#8221;][et_pb_column type=&#8221;3_5&#8243; _builder_version=&#8221;4.16&#8243; background_color=&#8221;#ffffff&#8221; z_index=&#8221;11&#8243; custom_padding=&#8221;50px|60px|50px||true|false&#8221; custom_padding_tablet=&#8221;0px|0px|60px||false|false&#8221; custom_padding_phone=&#8221;&#8221; custom_padding_last_edited=&#8221;on|tablet&#8221; global_colors_info=&#8221;{}&#8221;][et_pb_text _builder_version=&#8221;4.20.4&#8243; text_font=&#8221;||||||||&#8221; text_font_size=&#8221;16px&#8221; text_line_height=&#8221;2em&#8221; header_font=&#8221;Bellefair||||||||&#8221; header_text_color=&#8221;#000000&#8243; header_font_size=&#8221;80px&#8221; header_line_height=&#8221;1.2em&#8221; text_orientation=&#8221;justified&#8221; custom_margin=&#8221;||||false|false&#8221; text_font_size_tablet=&#8221;15px&#8221; text_font_size_phone=&#8221;14px&#8221; text_font_size_last_edited=&#8221;on|phone&#8221; header_font_size_tablet=&#8221;64px&#8221; header_font_size_phone=&#8221;40px&#8221; header_font_size_last_edited=&#8221;on|phone&#8221; global_colors_info=&#8221;{}&#8221;]<\/p>\n<h1>Hola!<br \/>S\u00f2c Neus Rosell<\/h1>\n<p>S\u00f3c Graduada Universit\u00e0ria d&#8217;Arts i Disseny a l&#8217;Escola Massana (UAB) i amb Postgrau de Disseny gr\u00e0fic aplicat a la Comunicaci\u00f3 a l&#8217;Escola Elisava de Barcelona.<\/p>\n<p>Actualment, amb m\u00e9s de 15 anys com a dissenyadora freelance, l&#8217;experi\u00e8ncia obtinguda i la formaci\u00f3 multidisciplin\u00e0ria fa que vegi el disseny com a soluci\u00f3 comunicativa global.<\/p>\n<p>Projectes gr\u00e0fics realitzats al sector gastron\u00f2mic per empreses d&#8217;alimentaci\u00f3, c\u00e0terings, restaurants, vins i caves, entre altres&#8230;<\/p>\n<p>[\/et_pb_text][\/et_pb_column][et_pb_column type=&#8221;2_5&#8243; _builder_version=&#8221;4.16&#8243; z_index=&#8221;10&#8243; global_colors_info=&#8221;{}&#8221;][et_pb_divider show_divider=&#8221;off&#8221; _builder_version=&#8221;4.16&#8243; transform_translate_linked=&#8221;off&#8221; positioning=&#8221;absolute&#8221; vertical_offset=&#8221;-60px&#8221; horizontal_offset=&#8221;-60px&#8221; vertical_offset_tablet=&#8221;-4vw&#8221; vertical_offset_phone=&#8221;-6vw&#8221; vertical_offset_last_edited=&#8221;off|desktop&#8221; horizontal_offset_tablet=&#8221;0px&#8221; horizontal_offset_phone=&#8221;&#8221; horizontal_offset_last_edited=&#8221;on|tablet&#8221; width=&#8221;375px&#8221; height=&#8221;400px&#8221; custom_margin=&#8221;|||-100px|false|false&#8221; custom_margin_tablet=&#8221;|||-20px|false|false&#8221; custom_margin_phone=&#8221;&#8221; custom_margin_last_edited=&#8221;on|tablet&#8221; scroll_vertical_motion_enable=&#8221;on&#8221; scroll_vertical_motion=&#8221;0|70|70|100|1|0|-1&#8243; border_width_all=&#8221;2px&#8221; border_color_all=&#8221;rgba(216,200,165,0.6)&#8221; global_colors_info=&#8221;{}&#8221;][\/et_pb_divider][et_pb_divider show_divider=&#8221;off&#8221; _builder_version=&#8221;4.16&#8243; positioning=&#8221;absolute&#8221; position_origin_a=&#8221;bottom_right&#8221; vertical_offset=&#8221;-60px&#8221; horizontal_offset=&#8221;-20px&#8221; vertical_offset_tablet=&#8221;&#8221; vertical_offset_phone=&#8221;&#8221; vertical_offset_last_edited=&#8221;on|phone&#8221; horizontal_offset_tablet=&#8221;-4vw&#8221; horizontal_offset_phone=&#8221;-6vw&#8221; horizontal_offset_last_edited=&#8221;off|desktop&#8221; width=&#8221;375px&#8221; height=&#8221;400px&#8221; custom_margin=&#8221;||||false|false&#8221; scroll_vertical_motion_enable=&#8221;on&#8221; scroll_vertical_motion=&#8221;0|70|70|100|0|0|1&#8243; border_width_all=&#8221;16px&#8221; border_color_all=&#8221;rgba(0,0,0,0.06)&#8221; global_colors_info=&#8221;{}&#8221;][\/et_pb_divider][et_pb_image src=&#8221;https:\/\/www.neusrosell.com\/wp-content\/uploads\/2023\/04\/pexels-anna-nekrashevich-7552373.jpg&#8221; title_text=&#8221;pexels-anna-nekrashevich-7552373&#8243; show_bottom_space=&#8221;off&#8221; _builder_version=&#8221;4.20.4&#8243; z_index=&#8221;1&#8243; custom_margin=&#8221;|||-72%|false|false&#8221; custom_margin_tablet=&#8221;|||0%|false|false&#8221; custom_margin_phone=&#8221;&#8221; custom_margin_last_edited=&#8221;on|tablet&#8221; scroll_vertical_motion_enable=&#8221;on&#8221; scroll_vertical_motion=&#8221;0|50|50|100|0|-0.5|-1&#8243; global_colors_info=&#8221;{}&#8221;][\/et_pb_image][\/et_pb_column][\/et_pb_row][\/et_pb_section][et_pb_section fb_built=&#8221;1&#8243; admin_label=&#8221;Quote&#8221; _builder_version=&#8221;4.16&#8243; global_colors_info=&#8221;{}&#8221;][et_pb_row _builder_version=&#8221;4.16&#8243; locked=&#8221;off&#8221; global_colors_info=&#8221;{}&#8221;][et_pb_column type=&#8221;4_4&#8243; _builder_version=&#8221;4.16&#8243; z_index=&#8221;11&#8243; global_colors_info=&#8221;{}&#8221;][et_pb_text _builder_version=&#8221;4.20.4&#8243; text_font=&#8221;Bellefair||||||||&#8221; text_text_color=&#8221;#000000&#8243; text_font_size=&#8221;30px&#8221; text_line_height=&#8221;1.6em&#8221; header_3_font=&#8221;Montserrat|600||on|||||&#8221; header_3_text_color=&#8221;#ff4e00&#8243; header_3_font_size=&#8221;14px&#8221; header_3_letter_spacing=&#8221;2px&#8221; header_3_line_height=&#8221;2em&#8221; text_orientation=&#8221;center&#8221; max_width=&#8221;700px&#8221; module_alignment=&#8221;center&#8221; hover_enabled=&#8221;0&#8243; text_font_size_tablet=&#8221;&#8221; text_font_size_phone=&#8221;20px&#8221; text_font_size_last_edited=&#8221;on|phone&#8221; locked=&#8221;off&#8221; global_colors_info=&#8221;{}&#8221; sticky_enabled=&#8221;0&#8243;]<\/p>\n<h3>Els meus serveis<\/h3>\n<p>Branding, Estrat\u00e8gia de marca, Disseny de Logotip i marca, Manual identitat corporativa i aplicacions, Campanyes de comunicaci\u00f3 i esdeveniments, Campanyes de comunicaci\u00f3 per institucions i empreses, Projectes gr\u00e0fics global per fires i mostres, Cartells i retolaci\u00f3, Disseny gr\u00e0fic aplicat Xarxes Socials, Personalitzaci\u00f3 de perfils de xarxes socials&#8230;<\/p>\n<p>[\/et_pb_text][\/et_pb_column][\/et_pb_row][\/et_pb_section][et_pb_section fb_built=&#8221;1&#8243; next_background_color=&#8221;#ffffff&#8221; admin_label=&#8221;Gallery&#8221; _builder_version=&#8221;4.16&#8243; background_color=&#8221;#f4f1ec&#8221; background_image=&#8221;https:\/\/www.neusrosell.com\/wp-content\/uploads\/2023\/03\/influencer-08.png&#8221; background_size=&#8221;contain&#8221; custom_margin=&#8221;||||false|false&#8221; bottom_divider_style=&#8221;slant&#8221; box_shadow_vertical_tablet=&#8221;0px&#8221; box_shadow_vertical_phone=&#8221;&#8221; box_shadow_vertical_last_edited=&#8221;on|tablet&#8221; locked=&#8221;off&#8221; global_colors_info=&#8221;{}&#8221;][et_pb_row admin_label=&#8221;Service Title&#8221; _builder_version=&#8221;4.16&#8243; locked=&#8221;off&#8221; global_colors_info=&#8221;{}&#8221;][et_pb_column type=&#8221;4_4&#8243; _builder_version=&#8221;4.16&#8243; z_index=&#8221;11&#8243; global_colors_info=&#8221;{}&#8221;][et_pb_text _builder_version=&#8221;4.20.4&#8243; header_2_font=&#8221;Bellefair||||||||&#8221; header_2_text_color=&#8221;#000000&#8243; header_2_font_size=&#8221;115px&#8221; header_2_line_height=&#8221;0.9em&#8221; header_3_font=&#8221;Bellefair||||||||&#8221; header_3_font_size=&#8221;40px&#8221; text_orientation=&#8221;center&#8221; max_width=&#8221;800px&#8221; module_alignment=&#8221;center&#8221; custom_margin=&#8221;|-150px|||false|false&#8221; custom_margin_tablet=&#8221;|0px|||false|false&#8221; custom_margin_phone=&#8221;&#8221; custom_margin_last_edited=&#8221;on|tablet&#8221; hover_enabled=&#8221;0&#8243; header_2_font_size_tablet=&#8221;120px&#8221; header_2_font_size_phone=&#8221;80px&#8221; header_2_font_size_last_edited=&#8221;on|phone&#8221; header_3_font_size_tablet=&#8221;30px&#8221; header_3_font_size_phone=&#8221;30px&#8221; header_3_font_size_last_edited=&#8221;on|phone&#8221; locked=&#8221;off&#8221; global_colors_info=&#8221;{}&#8221; sticky_enabled=&#8221;0&#8243;]<\/p>\n<h2>Alguns dels meus projectes<\/h2>\n<p>[\/et_pb_text][\/et_pb_column][\/et_pb_row][et_pb_row column_structure=&#8221;1_3,1_3,1_3&#8243; _builder_version=&#8221;4.16&#8243; global_colors_info=&#8221;{}&#8221;][et_pb_column type=&#8221;1_3&#8243; _builder_version=&#8221;4.16&#8243; global_colors_info=&#8221;{}&#8221;][et_pb_image src=&#8221;https:\/\/www.neusrosell.com\/wp-content\/uploads\/2023\/04\/Vista_Prova1_targeta_daurica_2cares.jpg&#8221; title_text=&#8221;Business card and name card mockup&#8221; _builder_version=&#8221;4.20.4&#8243; global_colors_info=&#8221;{}&#8221;][\/et_pb_image][\/et_pb_column][et_pb_column type=&#8221;1_3&#8243; _builder_version=&#8221;4.16&#8243; global_colors_info=&#8221;{}&#8221;][et_pb_image src=&#8221;https:\/\/www.neusrosell.com\/wp-content\/uploads\/2023\/04\/cartell2rutadetapesoktr.jpg&#8221; title_text=&#8221;cartell2rutadetapesoktr&#8221; align=&#8221;center&#8221; _builder_version=&#8221;4.20.4&#8243; scroll_vertical_motion_enable=&#8221;on&#8221; scroll_vertical_motion=&#8221;0|50|50|100|1|0|-1&#8243; locked=&#8221;off&#8221; global_colors_info=&#8221;{}&#8221;][\/et_pb_image][\/et_pb_column][et_pb_column type=&#8221;1_3&#8243; _builder_version=&#8221;4.16&#8243; global_colors_info=&#8221;{}&#8221;][et_pb_image src=&#8221;https:\/\/www.neusrosell.com\/wp-content\/uploads\/2023\/04\/cartell_cabamarket_maig19.jpg&#8221; title_text=&#8221;cartell_cabamarket_maig19&#8243; _builder_version=&#8221;4.20.4&#8243; locked=&#8221;off&#8221; global_colors_info=&#8221;{}&#8221;][\/et_pb_image][\/et_pb_column][\/et_pb_row][\/et_pb_section][et_pb_section fb_built=&#8221;1&#8243; disabled_on=&#8221;on|on|on&#8221; admin_label=&#8221;Footer&#8221; _builder_version=&#8221;4.16&#8243; custom_padding=&#8221;||||false|false&#8221; disabled=&#8221;on&#8221; saved_tabs=&#8221;all&#8221; locked=&#8221;off&#8221; global_colors_info=&#8221;{}&#8221;][et_pb_row column_structure=&#8221;2_3,1_3&#8243; custom_padding_last_edited=&#8221;on|phone&#8221; _builder_version=&#8221;4.16&#8243; max_width=&#8221;1220px&#8221; overflow-x=&#8221;hidden&#8221; overflow-y=&#8221;hidden&#8221; custom_padding=&#8221;48px||140px|70px|false|false&#8221; custom_padding_tablet=&#8221;48px|||48px|false|false&#8221; custom_padding_phone=&#8221;20px|||20px|false|false&#8221; global_colors_info=&#8221;{}&#8221;][et_pb_column type=&#8221;2_3&#8243; _builder_version=&#8221;4.16&#8243; background_color=&#8221;#ffddd3&#8243; z_index=&#8221;12&#8243; custom_padding=&#8221;160px|30px|80px|30px|false|true&#8221; custom_padding_tablet=&#8221;||48px||false|true&#8221; custom_padding_phone=&#8221;&#8221; custom_padding_last_edited=&#8221;on|tablet&#8221; box_shadow_style=&#8221;preset4&#8243; box_shadow_horizontal=&#8221;-210px&#8221; box_shadow_vertical=&#8221;0px&#8221; box_shadow_spread=&#8221;48px&#8221; box_shadow_color=&#8221;#000000&#8243; box_shadow_horizontal_tablet=&#8221;-120px&#8221; box_shadow_horizontal_phone=&#8221;-120px&#8221; box_shadow_horizontal_last_edited=&#8221;on|phone&#8221; global_colors_info=&#8221;{}&#8221;][et_pb_divider color=&#8221;#ff4e00&#8243; divider_weight=&#8221;2px&#8221; _builder_version=&#8221;4.16&#8243; transform_rotate=&#8221;0deg|0deg|-45deg&#8221; positioning=&#8221;absolute&#8221; vertical_offset=&#8221;60px&#8221; horizontal_offset=&#8221;-135px&#8221; width=&#8221;420px&#8221; custom_margin=&#8221;||||false|false&#8221; locked=&#8221;off&#8221; global_colors_info=&#8221;{}&#8221;][\/et_pb_divider][et_pb_text _builder_version=&#8221;4.16&#8243; header_3_font=&#8221;Caveat||||||||&#8221; header_3_text_color=&#8221;#000000&#8243; header_3_font_size=&#8221;200px&#8221; header_3_line_height=&#8221;0.4em&#8221; positioning=&#8221;absolute&#8221; z_index=&#8221;1&#8243; header_3_font_size_tablet=&#8221;150px&#8221; header_3_font_size_phone=&#8221;120px&#8221; header_3_font_size_last_edited=&#8221;on|phone&#8221; locked=&#8221;off&#8221; global_colors_info=&#8221;{}&#8221;]<\/p>\n<h3>Join<\/h3>\n<p>[\/et_pb_text][et_pb_signup mailchimp_list=&#8221;elegantthemestest|1ea2bbd026&#8243; layout=&#8221;top_bottom&#8221; first_name_field=&#8221;off&#8221; last_name_field=&#8221;off&#8221; title=&#8221;Join My Newsletter&#8221; _builder_version=&#8221;4.16&#8243; form_field_background_color=&#8221;rgba(0,0,0,0)&#8221; form_field_text_color=&#8221;#000000&#8243; form_field_focus_background_color=&#8221;rgba(0,0,0,0)&#8221; header_font=&#8221;Bellefair||||||||&#8221; header_text_color=&#8221;#000000&#8243; header_font_size=&#8221;48px&#8221; header_line_height=&#8221;1.2em&#8221; form_field_font=&#8221;Montserrat|600||on|||||&#8221; form_field_text_align=&#8221;center&#8221; form_field_font_size=&#8221;11px&#8221; form_field_letter_spacing=&#8221;3px&#8221; use_background_color=&#8221;off&#8221; custom_button=&#8221;on&#8221; button_text_size=&#8221;11px&#8221; button_text_color=&#8221;#fff0ec&#8221; button_bg_color=&#8221;#000000&#8243; button_border_width=&#8221;0px&#8221; button_border_radius=&#8221;0px&#8221; button_letter_spacing=&#8221;2px&#8221; button_font=&#8221;Montserrat|600||on|||||&#8221; button_custom_padding=&#8221;20px|30px|20px|30px|true|true&#8221; text_orientation=&#8221;center&#8221; background_layout=&#8221;light&#8221; max_width=&#8221;550px&#8221; module_alignment=&#8221;center&#8221; header_font_size_tablet=&#8221;42px&#8221; header_font_size_phone=&#8221;34px&#8221; header_font_size_last_edited=&#8221;on|phone&#8221; border_radii_fields=&#8221;on|0px|0px|0px|0px&#8221; border_color_all_fields=&#8221;#000000&#8243; border_width_bottom_fields=&#8221;1px&#8221; global_colors_info=&#8221;{}&#8221; button_bg_color__hover=&#8221;#ff4e00&#8243; button_bg_color__hover_enabled=&#8221;on|desktop&#8221;][\/et_pb_signup][et_pb_text _builder_version=&#8221;4.16&#8243; text_font=&#8221;|600||on|||||&#8221; text_text_color=&#8221;#000000&#8243; text_letter_spacing=&#8221;8px&#8221; text_line_height=&#8221;1.8em&#8221; positioning=&#8221;absolute&#8221; position_origin_a=&#8221;bottom_right&#8221; vertical_offset=&#8221;-120px&#8221; horizontal_offset=&#8221;-120px&#8221; z_index=&#8221;1&#8243; vertical_offset_tablet=&#8221;-240px&#8221; vertical_offset_phone=&#8221;&#8221; vertical_offset_last_edited=&#8221;on|tablet&#8221; horizontal_offset_tablet=&#8221;0px&#8221; horizontal_offset_phone=&#8221;&#8221; horizontal_offset_last_edited=&#8221;on|tablet&#8221; position_origin_a_tablet=&#8221;bottom_left&#8221; position_origin_a_phone=&#8221;&#8221; position_origin_a_last_edited=&#8221;on|phone&#8221; position_origin_f_tablet=&#8221;&#8221; position_origin_f_phone=&#8221;&#8221; position_origin_f_last_edited=&#8221;on|tablet&#8221; position_origin_r_tablet=&#8221;&#8221; position_origin_r_phone=&#8221;&#8221; position_origin_r_last_edited=&#8221;on|tablet&#8221; width=&#8221;240px&#8221; height=&#8221;240px&#8221; custom_padding=&#8221;120px|10px|0px|120px|false|false&#8221; link_option_url=&#8221;#&#8221; scroll_rotating=&#8221;0|50|50|100|0\u00b0|0\u00b0|-45\u00b0&#8221; motion_trigger_start=&#8221;top&#8221; positioning_tablet=&#8221;&#8221; positioning_phone=&#8221;&#8221; positioning_last_edited=&#8221;on|tablet&#8221; border_radii=&#8221;on|100%|100%|100%|100%&#8221; border_width_all=&#8221;2px&#8221; border_color_all=&#8221;#000000&#8243; locked=&#8221;off&#8221; global_colors_info=&#8221;{}&#8221; text_text_color__hover_enabled=&#8221;on|desktop&#8221; text_text_color__hover=&#8221;#ff4e00&#8243; border_color_all__hover_enabled=&#8221;on|desktop&#8221; border_color_all__hover=&#8221;#ff4e00&#8243;]<\/p>\n<p>Work With Me<\/p>\n<p>[\/et_pb_text][\/et_pb_column][et_pb_column type=&#8221;1_3&#8243; _builder_version=&#8221;4.16&#8243; custom_padding=&#8221;100px||||false|false&#8221; scroll_vertical_motion_enable=&#8221;on&#8221; scroll_vertical_motion=&#8221;0|50|50|100|2|0|-2&#8243; global_colors_info=&#8221;{}&#8221;][et_pb_image src=&#8221;https:\/\/www.neusrosell.com\/wp-content\/uploads\/2023\/04\/pexels-vojtech-okenka-392018.jpg&#8221; title_text=&#8221;pexels-vojtech-okenka-392018&#8243; align=&#8221;right&#8221; _builder_version=&#8221;4.20.4&#8243; max_width=&#8221;240px&#8221; max_width_tablet=&#8221;320px&#8221; max_width_phone=&#8221;150px&#8221; max_width_last_edited=&#8221;on|tablet&#8221; module_alignment=&#8221;right&#8221; locked=&#8221;off&#8221; global_colors_info=&#8221;{}&#8221;][\/et_pb_image][et_pb_social_media_follow _builder_version=&#8221;4.20.4&#8243; text_orientation=&#8221;right&#8221; locked=&#8221;off&#8221; global_colors_info=&#8221;{}&#8221;][et_pb_social_media_follow_network social_network=&#8221;instagram&#8221; url=&#8221;https:\/\/www.instagram.com\/neusdisseny&#8221; icon_color=&#8221;#000000&#8243; _builder_version=&#8221;4.20.4&#8243; background_color=&#8221;rgba(0,0,0,0)&#8221; background_enable_color=&#8221;on&#8221; motion_trigger_start=&#8221;middle&#8221; global_colors_info=&#8221;{}&#8221; follow_button=&#8221;off&#8221; url_new_window=&#8221;on&#8221;]instagram[\/et_pb_social_media_follow_network][\/et_pb_social_media_follow][\/et_pb_column][\/et_pb_row][\/et_pb_section][et_pb_section fb_built=&#8221;1&#8243; admin_label=&#8221;Secci\u00f3n&#8221; _builder_version=&#8221;4.20.4&#8243; _module_preset=&#8221;default&#8221; global_module=&#8221;302&#8243; collapsed=&#8221;on&#8221; global_colors_info=&#8221;{}&#8221;][et_pb_row _builder_version=&#8221;4.20.4&#8243; _module_preset=&#8221;default&#8221; global_colors_info=&#8221;{}&#8221;][et_pb_column type=&#8221;4_4&#8243; _builder_version=&#8221;4.20.4&#8243; _module_preset=&#8221;default&#8221; global_colors_info=&#8221;{}&#8221;][et_pb_image src=&#8221;https:\/\/www.neusrosell.com\/wp-content\/uploads\/2023\/04\/Logo-digitalizadores_1240.png&#8221; title_text=&#8221;Logo-digitalizadores_1240&#8243; url=&#8221;https:\/\/www.resettecnic.com\/kit-digital\/&#8221; url_new_window=&#8221;on&#8221; _builder_version=&#8221;4.20.4&#8243; _module_preset=&#8221;default&#8221; global_colors_info=&#8221;{}&#8221;][\/et_pb_image][\/et_pb_column][\/et_pb_row][\/et_pb_section]<\/p>\n","protected":false},"excerpt":{"rendered":"<p>Hola!S\u00f2c Neus Rosell S\u00f3c Graduada Universit\u00e0ria d&#8217;Arts i Disseny a l&#8217;Escola Massana (UAB) i amb Postgrau de Disseny gr\u00e0fic aplicat a la Comunicaci\u00f3 a l&#8217;Escola Elisava de Barcelona. Actualment, amb m\u00e9s de 15 anys com a dissenyadora freelance, l&#8217;experi\u00e8ncia obtinguda i la formaci\u00f3 multidisciplin\u00e0ria fa que vegi el disseny com a soluci\u00f3 comunicativa global. Projectes [&hellip;]<\/p>\n","protected":false},"author":1,"featured_media":0,"parent":0,"menu_order":0,"comment_status":"closed","ping_status":"closed","template":"","meta":{"_et_pb_use_builder":"on","_et_pb_old_content":"","_et_gb_content_width":"","footnotes":""},"class_list":["post-465","page","type-page","status-publish","hentry"],"yoast_head":"<!-- This site is optimized with the Yoast SEO plugin v25.6 - https:\/\/yoast.com\/wordpress\/plugins\/seo\/ -->\n<title>Sobre mi - Neus Rosell<\/title>\n<meta name=\"robots\" content=\"index, follow, max-snippet:-1, max-image-preview:large, max-video-preview:-1\" \/>\n<link rel=\"canonical\" href=\"https:\/\/www.neusrosell.com\/ca\/sobre-mi\/\" \/>\n<meta property=\"og:locale\" content=\"ca_ES\" \/>\n<meta property=\"og:type\" content=\"article\" \/>\n<meta property=\"og:title\" content=\"Sobre mi - Neus Rosell\" \/>\n<meta property=\"og:description\" content=\"Hola!S\u00f2c Neus Rosell S\u00f3c Graduada Universit\u00e0ria d&#039;Arts i Disseny a l&#039;Escola Massana (UAB) i amb Postgrau de Disseny gr\u00e0fic aplicat a la Comunicaci\u00f3 a l&#039;Escola Elisava de Barcelona. Actualment, amb m\u00e9s de 15 anys com a dissenyadora freelance, l&#039;experi\u00e8ncia obtinguda i la formaci\u00f3 multidisciplin\u00e0ria fa que vegi el disseny com a soluci\u00f3 comunicativa global. Projectes [&hellip;]\" \/>\n<meta property=\"og:url\" content=\"https:\/\/www.neusrosell.com\/ca\/sobre-mi\/\" \/>\n<meta property=\"og:site_name\" content=\"Neus Rosell\" \/>\n<meta property=\"article:modified_time\" content=\"2023-04-25T09:04:32+00:00\" \/>\n<meta name=\"twitter:card\" content=\"summary_large_image\" \/>\n<meta name=\"twitter:label1\" content=\"Temps estimat de lectura\" \/>\n\t<meta name=\"twitter:data1\" content=\"9 minuts\" \/>\n<script type=\"application\/ld+json\" class=\"yoast-schema-graph\">{\"@context\":\"https:\/\/schema.org\",\"@graph\":[{\"@type\":\"WebPage\",\"@id\":\"https:\/\/www.neusrosell.com\/ca\/sobre-mi\/\",\"url\":\"https:\/\/www.neusrosell.com\/ca\/sobre-mi\/\",\"name\":\"Sobre mi - Neus Rosell\",\"isPartOf\":{\"@id\":\"https:\/\/www.neusrosell.com\/ca\/#website\"},\"datePublished\":\"2023-04-12T15:29:34+00:00\",\"dateModified\":\"2023-04-25T09:04:32+00:00\",\"breadcrumb\":{\"@id\":\"https:\/\/www.neusrosell.com\/ca\/sobre-mi\/#breadcrumb\"},\"inLanguage\":\"ca\",\"potentialAction\":[{\"@type\":\"ReadAction\",\"target\":[\"https:\/\/www.neusrosell.com\/ca\/sobre-mi\/\"]}]},{\"@type\":\"BreadcrumbList\",\"@id\":\"https:\/\/www.neusrosell.com\/ca\/sobre-mi\/#breadcrumb\",\"itemListElement\":[{\"@type\":\"ListItem\",\"position\":1,\"name\":\"Portada\",\"item\":\"https:\/\/www.neusrosell.com\/ca\/\"},{\"@type\":\"ListItem\",\"position\":2,\"name\":\"Sobre mi\"}]},{\"@type\":\"WebSite\",\"@id\":\"https:\/\/www.neusrosell.com\/ca\/#website\",\"url\":\"https:\/\/www.neusrosell.com\/ca\/\",\"name\":\"Neus Rosell\",\"description\":\"Estudio creativo aplicado a la comunicaci\u00f3n\",\"potentialAction\":[{\"@type\":\"SearchAction\",\"target\":{\"@type\":\"EntryPoint\",\"urlTemplate\":\"https:\/\/www.neusrosell.com\/ca\/?s={search_term_string}\"},\"query-input\":{\"@type\":\"PropertyValueSpecification\",\"valueRequired\":true,\"valueName\":\"search_term_string\"}}],\"inLanguage\":\"ca\"}]}<\/script>\n<!-- \/ Yoast SEO plugin. -->","yoast_head_json":{"title":"Sobre mi - Neus Rosell","robots":{"index":"index","follow":"follow","max-snippet":"max-snippet:-1","max-image-preview":"max-image-preview:large","max-video-preview":"max-video-preview:-1"},"canonical":"https:\/\/www.neusrosell.com\/ca\/sobre-mi\/","og_locale":"ca_ES","og_type":"article","og_title":"Sobre mi - Neus Rosell","og_description":"Hola!S\u00f2c Neus Rosell S\u00f3c Graduada Universit\u00e0ria d'Arts i Disseny a l'Escola Massana (UAB) i amb Postgrau de Disseny gr\u00e0fic aplicat a la Comunicaci\u00f3 a l'Escola Elisava de Barcelona. Actualment, amb m\u00e9s de 15 anys com a dissenyadora freelance, l'experi\u00e8ncia obtinguda i la formaci\u00f3 multidisciplin\u00e0ria fa que vegi el disseny com a soluci\u00f3 comunicativa global. Projectes [&hellip;]","og_url":"https:\/\/www.neusrosell.com\/ca\/sobre-mi\/","og_site_name":"Neus Rosell","article_modified_time":"2023-04-25T09:04:32+00:00","twitter_card":"summary_large_image","twitter_misc":{"Temps estimat de lectura":"9 minuts"},"schema":{"@context":"https:\/\/schema.org","@graph":[{"@type":"WebPage","@id":"https:\/\/www.neusrosell.com\/ca\/sobre-mi\/","url":"https:\/\/www.neusrosell.com\/ca\/sobre-mi\/","name":"Sobre mi - Neus Rosell","isPartOf":{"@id":"https:\/\/www.neusrosell.com\/ca\/#website"},"datePublished":"2023-04-12T15:29:34+00:00","dateModified":"2023-04-25T09:04:32+00:00","breadcrumb":{"@id":"https:\/\/www.neusrosell.com\/ca\/sobre-mi\/#breadcrumb"},"inLanguage":"ca","potentialAction":[{"@type":"ReadAction","target":["https:\/\/www.neusrosell.com\/ca\/sobre-mi\/"]}]},{"@type":"BreadcrumbList","@id":"https:\/\/www.neusrosell.com\/ca\/sobre-mi\/#breadcrumb","itemListElement":[{"@type":"ListItem","position":1,"name":"Portada","item":"https:\/\/www.neusrosell.com\/ca\/"},{"@type":"ListItem","position":2,"name":"Sobre mi"}]},{"@type":"WebSite","@id":"https:\/\/www.neusrosell.com\/ca\/#website","url":"https:\/\/www.neusrosell.com\/ca\/","name":"Neus Rosell","description":"Estudio creativo aplicado a la comunicaci\u00f3n","potentialAction":[{"@type":"SearchAction","target":{"@type":"EntryPoint","urlTemplate":"https:\/\/www.neusrosell.com\/ca\/?s={search_term_string}"},"query-input":{"@type":"PropertyValueSpecification","valueRequired":true,"valueName":"search_term_string"}}],"inLanguage":"ca"}]}},"_links":{"self":[{"href":"https:\/\/www.neusrosell.com\/ca\/wp-json\/wp\/v2\/pages\/465","targetHints":{"allow":["GET"]}}],"collection":[{"href":"https:\/\/www.neusrosell.com\/ca\/wp-json\/wp\/v2\/pages"}],"about":[{"href":"https:\/\/www.neusrosell.com\/ca\/wp-json\/wp\/v2\/types\/page"}],"author":[{"embeddable":true,"href":"https:\/\/www.neusrosell.com\/ca\/wp-json\/wp\/v2\/users\/1"}],"replies":[{"embeddable":true,"href":"https:\/\/www.neusrosell.com\/ca\/wp-json\/wp\/v2\/comments?post=465"}],"version-history":[{"count":2,"href":"https:\/\/www.neusrosell.com\/ca\/wp-json\/wp\/v2\/pages\/465\/revisions"}],"predecessor-version":[{"id":467,"href":"https:\/\/www.neusrosell.com\/ca\/wp-json\/wp\/v2\/pages\/465\/revisions\/467"}],"wp:attachment":[{"href":"https:\/\/www.neusrosell.com\/ca\/wp-json\/wp\/v2\/media?parent=465"}],"curies":[{"name":"wp","href":"https:\/\/api.w.org\/{rel}","templated":true}]}}