{"id":524,"date":"2023-04-25T19:08:38","date_gmt":"2023-04-25T17:08:38","guid":{"rendered":"https:\/\/www.neusrosell.com\/declaracion-de-accesibilidad\/"},"modified":"2023-04-25T19:14:38","modified_gmt":"2023-04-25T17:14:38","slug":"declaracion-de-accesibilidad","status":"publish","type":"page","link":"https:\/\/www.neusrosell.com\/ca\/declaracion-de-accesibilidad\/","title":{"rendered":"Declaraci\u00f3 d&#8217;accesibilitat"},"content":{"rendered":"<p><strong>Neus Rosell<\/strong> s&#8217;ha comprom\u00e8s a fer accessible el vostre lloc web de conformitat amb el Reial Decret 1112\/2018, de 7 de setembre, sobre accessibilitat dels llocs web i aplicacions per a dispositius m\u00f2bils del sector p\u00fablic. Opcions d&#8217;accessibilitat disponibles al men\u00fa desplegable a la part superior del lateral esquerre de la web:<\/p>\n<p><img loading=\"lazy\" decoding=\"async\" class=\"aligncenter wp-image-521 size-full\" src=\"https:\/\/www.neusrosell.com\/wp-content\/uploads\/2023\/04\/accesibilidad.jpg\" alt=\"\" width=\"268\" height=\"483\" srcset=\"https:\/\/www.neusrosell.com\/wp-content\/uploads\/2023\/04\/accesibilidad.jpg 268w, https:\/\/www.neusrosell.com\/wp-content\/uploads\/2023\/04\/accesibilidad-166x300.jpg 166w\" sizes=\"(max-width: 268px) 100vw, 268px\" \/><\/p>\n<p>Aquesta declaraci\u00f3 d&#8217;accessibilitat s&#8217;aplica al lloc web <a href=\"https:\/\/www.neusrosell.com\/ca\/\">https:\/\/www.neusrosell.com\/<\/a> <strong>Situaci\u00f3 de compliment<\/strong> Aquest lloc web \u00e9s parcialment conforme amb el RD 1112\/2018 a causa de les excepcions i la manca de conformitat dels aspectes que s&#8217;indiquen a continuaci\u00f3. <strong>Contingut no accessible<\/strong> El contingut que es recull a continuaci\u00f3 no \u00e9s accessible pel seg\u00fcent: <strong>Manca de conformitat amb el RD 1112\/2018<\/strong><\/p>\n<ul>\n<li>Hi ha elements que no s\u00f3n accessibles per teclat.<\/li>\n<li>Hi ha elements que no reben el focus.<\/li>\n<li>Hi ha camps de formularis on s&#8217;informa de l&#8217;error quan s&#8217;introdueix un valor incorrecte per\u00f2 no s&#8217;informa d&#8217;un suggeriment per a la correcci\u00f3.<\/li>\n<li>Hi ha p\u00e0gines on els productes de suport no podran obtenir informaci\u00f3, interactuar i estar al corrent de l&#8217;estat dels controls d&#8217;interf\u00edcie d&#8217;usuari, com ara missatges d&#8217;ajuda, missatges d&#8217;estat de resultat d&#8217;accions, atributs d&#8217;enlla\u00e7os , imatge d&#8217;idioma de p\u00e0gina&#8230; que no podran ser llegits per lectors de pantalla en el moment en qu\u00e8 apareixen.<\/li>\n<li>Podrien haver-hi errors puntuals d&#8217;edici\u00f3 en alguna p\u00e0gina web.<\/li>\n<\/ul>\n<p><strong>Preparaci\u00f3 d&#8217;aquesta declaraci\u00f3 d&#8217;accessibilitat<\/strong> Aquesta declaraci\u00f3 va ser preparada el 09 de mar\u00e7 de 2023. El m\u00e8tode emprat per preparar la declaraci\u00f3 ha estat una autoavaluaci\u00f3. <strong>Observacions i dades de contacte<\/strong> Podeu realitzar comunicacions sobre requisits d&#8217;accessibilitat (article 10.2.a) del RD 1112\/2018) com per exemple:<\/p>\n<ul>\n<li>Informar sobre qualsevol possible incompliment per part d&#8217;aquest lloc web<\/li>\n<li>Transmetre altres dificultats d&#8217;acc\u00e9s al contingut<\/li>\n<li>Formular qualsevol altra consulta o suggeriment de millora relativa a l&#8217;accessibilitat del lloc web<\/li>\n<\/ul>\n<p>A trav\u00e9s del mail <a href=\"mailto:info@neusrosell.com\">info@neusrosell.com<\/a>. <strong>Contingut opcional<\/strong> Aquest lloc web aplica els requisits de la Norma UNE-EN 301549:2022 considerant les excepcions del RD 1112\/2018. La darrera revisi\u00f3 de l&#8217;accessibilitat s&#8217;ha fet el mar\u00e7 del 2023. El lloc web est\u00e0 optimitzat per als navegadors Microsoft Internet Explorer 8.0 o versions superiors i les darreres versions vigents de FireFox, Safari, Opera i Google Chrome. La resoluci\u00f3 web m\u00ednima recomanada \u00e9s de 1280\u00d71024. El lloc web est\u00e0 dissenyat per a la seva visualitzaci\u00f3 Responsive, de manera que es visualitza de forma \u00f2ptima en els dispositius tablet i m\u00f2bils. En aquests dispositius est\u00e0 optimitzat per visualitzar-lo en les \u00faltimes versions vigents de Chrome for mobile, Firefox for mobile, Safari mobile, Opera Mini i navegador nadiu d&#8217;Android. \u00a0 \u00a0<\/p>\n","protected":false},"excerpt":{"rendered":"<p>Neus Rosell s&#8217;ha comprom\u00e8s a fer accessible el vostre lloc web de conformitat amb el Reial Decret 1112\/2018, de 7 de setembre, sobre accessibilitat dels llocs web i aplicacions per a dispositius m\u00f2bils del sector p\u00fablic. Opcions d&#8217;accessibilitat disponibles al men\u00fa desplegable a la part superior del lateral esquerre de la web: Aquesta declaraci\u00f3 d&#8217;accessibilitat [&hellip;]<\/p>\n","protected":false},"author":1,"featured_media":0,"parent":0,"menu_order":0,"comment_status":"closed","ping_status":"closed","template":"","meta":{"_et_pb_use_builder":"","_et_pb_old_content":"","_et_gb_content_width":"","footnotes":""},"class_list":["post-524","page","type-page","status-publish","hentry"],"yoast_head":"<!-- This site is optimized with the Yoast SEO plugin v25.6 - https:\/\/yoast.com\/wordpress\/plugins\/seo\/ -->\n<title>Declaraci\u00f3 d&#039;accesibilitat - Neus Rosell<\/title>\n<meta name=\"robots\" content=\"index, follow, max-snippet:-1, max-image-preview:large, max-video-preview:-1\" \/>\n<link rel=\"canonical\" href=\"https:\/\/www.neusrosell.com\/ca\/declaracion-de-accesibilidad\/\" \/>\n<meta property=\"og:locale\" content=\"ca_ES\" \/>\n<meta property=\"og:type\" content=\"article\" \/>\n<meta property=\"og:title\" content=\"Declaraci\u00f3 d&#039;accesibilitat - Neus Rosell\" \/>\n<meta property=\"og:description\" content=\"Neus Rosell s&#8217;ha comprom\u00e8s a fer accessible el vostre lloc web de conformitat amb el Reial Decret 1112\/2018, de 7 de setembre, sobre accessibilitat dels llocs web i aplicacions per a dispositius m\u00f2bils del sector p\u00fablic. Opcions d&#8217;accessibilitat disponibles al men\u00fa desplegable a la part superior del lateral esquerre de la web: Aquesta declaraci\u00f3 d&#8217;accessibilitat [&hellip;]\" \/>\n<meta property=\"og:url\" content=\"https:\/\/www.neusrosell.com\/ca\/declaracion-de-accesibilidad\/\" \/>\n<meta property=\"og:site_name\" content=\"Neus Rosell\" \/>\n<meta property=\"article:modified_time\" content=\"2023-04-25T17:14:38+00:00\" \/>\n<meta property=\"og:image\" content=\"https:\/\/www.neusrosell.com\/wp-content\/uploads\/2023\/04\/accesibilidad.jpg\" \/>\n<meta name=\"twitter:card\" content=\"summary_large_image\" \/>\n<meta name=\"twitter:label1\" content=\"Temps estimat de lectura\" \/>\n\t<meta name=\"twitter:data1\" content=\"3 minuts\" \/>\n<script type=\"application\/ld+json\" class=\"yoast-schema-graph\">{\"@context\":\"https:\/\/schema.org\",\"@graph\":[{\"@type\":\"WebPage\",\"@id\":\"https:\/\/www.neusrosell.com\/ca\/declaracion-de-accesibilidad\/\",\"url\":\"https:\/\/www.neusrosell.com\/ca\/declaracion-de-accesibilidad\/\",\"name\":\"Declaraci\u00f3 d'accesibilitat - Neus Rosell\",\"isPartOf\":{\"@id\":\"https:\/\/www.neusrosell.com\/ca\/#website\"},\"primaryImageOfPage\":{\"@id\":\"https:\/\/www.neusrosell.com\/ca\/declaracion-de-accesibilidad\/#primaryimage\"},\"image\":{\"@id\":\"https:\/\/www.neusrosell.com\/ca\/declaracion-de-accesibilidad\/#primaryimage\"},\"thumbnailUrl\":\"https:\/\/www.neusrosell.com\/wp-content\/uploads\/2023\/04\/accesibilidad.jpg\",\"datePublished\":\"2023-04-25T17:08:38+00:00\",\"dateModified\":\"2023-04-25T17:14:38+00:00\",\"breadcrumb\":{\"@id\":\"https:\/\/www.neusrosell.com\/ca\/declaracion-de-accesibilidad\/#breadcrumb\"},\"inLanguage\":\"ca\",\"potentialAction\":[{\"@type\":\"ReadAction\",\"target\":[\"https:\/\/www.neusrosell.com\/ca\/declaracion-de-accesibilidad\/\"]}]},{\"@type\":\"ImageObject\",\"inLanguage\":\"ca\",\"@id\":\"https:\/\/www.neusrosell.com\/ca\/declaracion-de-accesibilidad\/#primaryimage\",\"url\":\"https:\/\/www.neusrosell.com\/wp-content\/uploads\/2023\/04\/accesibilidad.jpg\",\"contentUrl\":\"https:\/\/www.neusrosell.com\/wp-content\/uploads\/2023\/04\/accesibilidad.jpg\"},{\"@type\":\"BreadcrumbList\",\"@id\":\"https:\/\/www.neusrosell.com\/ca\/declaracion-de-accesibilidad\/#breadcrumb\",\"itemListElement\":[{\"@type\":\"ListItem\",\"position\":1,\"name\":\"Portada\",\"item\":\"https:\/\/www.neusrosell.com\/ca\/\"},{\"@type\":\"ListItem\",\"position\":2,\"name\":\"Declaraci\u00f3 d&#8217;accesibilitat\"}]},{\"@type\":\"WebSite\",\"@id\":\"https:\/\/www.neusrosell.com\/ca\/#website\",\"url\":\"https:\/\/www.neusrosell.com\/ca\/\",\"name\":\"Neus Rosell\",\"description\":\"Estudio creativo aplicado a la comunicaci\u00f3n\",\"potentialAction\":[{\"@type\":\"SearchAction\",\"target\":{\"@type\":\"EntryPoint\",\"urlTemplate\":\"https:\/\/www.neusrosell.com\/ca\/?s={search_term_string}\"},\"query-input\":{\"@type\":\"PropertyValueSpecification\",\"valueRequired\":true,\"valueName\":\"search_term_string\"}}],\"inLanguage\":\"ca\"}]}<\/script>\n<!-- \/ Yoast SEO plugin. -->","yoast_head_json":{"title":"Declaraci\u00f3 d'accesibilitat - Neus Rosell","robots":{"index":"index","follow":"follow","max-snippet":"max-snippet:-1","max-image-preview":"max-image-preview:large","max-video-preview":"max-video-preview:-1"},"canonical":"https:\/\/www.neusrosell.com\/ca\/declaracion-de-accesibilidad\/","og_locale":"ca_ES","og_type":"article","og_title":"Declaraci\u00f3 d'accesibilitat - Neus Rosell","og_description":"Neus Rosell s&#8217;ha comprom\u00e8s a fer accessible el vostre lloc web de conformitat amb el Reial Decret 1112\/2018, de 7 de setembre, sobre accessibilitat dels llocs web i aplicacions per a dispositius m\u00f2bils del sector p\u00fablic. Opcions d&#8217;accessibilitat disponibles al men\u00fa desplegable a la part superior del lateral esquerre de la web: Aquesta declaraci\u00f3 d&#8217;accessibilitat [&hellip;]","og_url":"https:\/\/www.neusrosell.com\/ca\/declaracion-de-accesibilidad\/","og_site_name":"Neus Rosell","article_modified_time":"2023-04-25T17:14:38+00:00","og_image":[{"url":"https:\/\/www.neusrosell.com\/wp-content\/uploads\/2023\/04\/accesibilidad.jpg","type":"","width":"","height":""}],"twitter_card":"summary_large_image","twitter_misc":{"Temps estimat de lectura":"3 minuts"},"schema":{"@context":"https:\/\/schema.org","@graph":[{"@type":"WebPage","@id":"https:\/\/www.neusrosell.com\/ca\/declaracion-de-accesibilidad\/","url":"https:\/\/www.neusrosell.com\/ca\/declaracion-de-accesibilidad\/","name":"Declaraci\u00f3 d'accesibilitat - Neus Rosell","isPartOf":{"@id":"https:\/\/www.neusrosell.com\/ca\/#website"},"primaryImageOfPage":{"@id":"https:\/\/www.neusrosell.com\/ca\/declaracion-de-accesibilidad\/#primaryimage"},"image":{"@id":"https:\/\/www.neusrosell.com\/ca\/declaracion-de-accesibilidad\/#primaryimage"},"thumbnailUrl":"https:\/\/www.neusrosell.com\/wp-content\/uploads\/2023\/04\/accesibilidad.jpg","datePublished":"2023-04-25T17:08:38+00:00","dateModified":"2023-04-25T17:14:38+00:00","breadcrumb":{"@id":"https:\/\/www.neusrosell.com\/ca\/declaracion-de-accesibilidad\/#breadcrumb"},"inLanguage":"ca","potentialAction":[{"@type":"ReadAction","target":["https:\/\/www.neusrosell.com\/ca\/declaracion-de-accesibilidad\/"]}]},{"@type":"ImageObject","inLanguage":"ca","@id":"https:\/\/www.neusrosell.com\/ca\/declaracion-de-accesibilidad\/#primaryimage","url":"https:\/\/www.neusrosell.com\/wp-content\/uploads\/2023\/04\/accesibilidad.jpg","contentUrl":"https:\/\/www.neusrosell.com\/wp-content\/uploads\/2023\/04\/accesibilidad.jpg"},{"@type":"BreadcrumbList","@id":"https:\/\/www.neusrosell.com\/ca\/declaracion-de-accesibilidad\/#breadcrumb","itemListElement":[{"@type":"ListItem","position":1,"name":"Portada","item":"https:\/\/www.neusrosell.com\/ca\/"},{"@type":"ListItem","position":2,"name":"Declaraci\u00f3 d&#8217;accesibilitat"}]},{"@type":"WebSite","@id":"https:\/\/www.neusrosell.com\/ca\/#website","url":"https:\/\/www.neusrosell.com\/ca\/","name":"Neus Rosell","description":"Estudio creativo aplicado a la comunicaci\u00f3n","potentialAction":[{"@type":"SearchAction","target":{"@type":"EntryPoint","urlTemplate":"https:\/\/www.neusrosell.com\/ca\/?s={search_term_string}"},"query-input":{"@type":"PropertyValueSpecification","valueRequired":true,"valueName":"search_term_string"}}],"inLanguage":"ca"}]}},"_links":{"self":[{"href":"https:\/\/www.neusrosell.com\/ca\/wp-json\/wp\/v2\/pages\/524","targetHints":{"allow":["GET"]}}],"collection":[{"href":"https:\/\/www.neusrosell.com\/ca\/wp-json\/wp\/v2\/pages"}],"about":[{"href":"https:\/\/www.neusrosell.com\/ca\/wp-json\/wp\/v2\/types\/page"}],"author":[{"embeddable":true,"href":"https:\/\/www.neusrosell.com\/ca\/wp-json\/wp\/v2\/users\/1"}],"replies":[{"embeddable":true,"href":"https:\/\/www.neusrosell.com\/ca\/wp-json\/wp\/v2\/comments?post=524"}],"version-history":[{"count":1,"href":"https:\/\/www.neusrosell.com\/ca\/wp-json\/wp\/v2\/pages\/524\/revisions"}],"predecessor-version":[{"id":525,"href":"https:\/\/www.neusrosell.com\/ca\/wp-json\/wp\/v2\/pages\/524\/revisions\/525"}],"wp:attachment":[{"href":"https:\/\/www.neusrosell.com\/ca\/wp-json\/wp\/v2\/media?parent=524"}],"curies":[{"name":"wp","href":"https:\/\/api.w.org\/{rel}","templated":true}]}}